{"id":232,"date":"2016-10-04T09:39:00","date_gmt":"2016-10-04T09:39:00","guid":{"rendered":"http:\/\/e-lectrike.lu\/?page_id=232"},"modified":"2016-10-04T09:39:00","modified_gmt":"2016-10-04T09:39:00","slug":"sponsoren","status":"publish","type":"page","link":"https:\/\/e-lectrike.ltett.lu\/index.php\/sponsoren\/","title":{"rendered":"Sponsoren"},"content":{"rendered":"<p>Dieses Sch\u00fclerprojekt wird zum Teil von Sponsoren unterst\u00fctzt. Wir bedanken uns deshalb ganz herzlich bei Ihnen allen. Deswegen haben wir diesen Teil unserer Webseite f\u00fcr Sie reserviert. Wir finden es gut, dass Sie sich \u00fcber diesen Weg f\u00fcr die regenerative Energien engagieren.<\/p>\n<p><a href=\"https:\/\/www.fnr.lu\" target=\"_blank\" rel=\"noopener\"><img loading=\"lazy\" decoding=\"async\" class=\"alignnone wp-image-493\" src=\"https:\/\/e-lectrike.ltett.lu\/wp-content\/uploads\/2018\/04\/FNR_logo_QUADRI_gris_fondblanc.jpg\" alt=\"FNR_logo_non_vecto\" width=\"385\" height=\"93\" srcset=\"https:\/\/e-lectrike.ltett.lu\/wp-content\/uploads\/2018\/04\/FNR_logo_QUADRI_gris_fondblanc.jpg 1109w, https:\/\/e-lectrike.ltett.lu\/wp-content\/uploads\/2018\/04\/FNR_logo_QUADRI_gris_fondblanc-300x72.jpg 300w, https:\/\/e-lectrike.ltett.lu\/wp-content\/uploads\/2018\/04\/FNR_logo_QUADRI_gris_fondblanc-1024x247.jpg 1024w, https:\/\/e-lectrike.ltett.lu\/wp-content\/uploads\/2018\/04\/FNR_logo_QUADRI_gris_fondblanc-768x186.jpg 768w\" sizes=\"auto, (max-width: 385px) 100vw, 385px\" \/><\/a><\/p>\n<p><a href=\"http:\/\/www.ls-sports.lu\" target=\"_blank\" rel=\"noopener\"><img loading=\"lazy\" decoding=\"async\" class=\"alignnone wp-image-240\" src=\"https:\/\/e-lectrike.ltett.lu\/wp-content\/uploads\/2016\/10\/ls-sportslogo_cmyk_zackeg_20x20.gif\" alt=\"ls-sportslogo_cmyk_zackeg_20x20\" width=\"75\" height=\"75\" \/><\/a><a href=\"http:\/\/www.apko.lu\/\" target=\"_blank\" rel=\"noopener\"><img loading=\"lazy\" decoding=\"async\" class=\"alignnone wp-image-234\" src=\"https:\/\/e-lectrike.ltett.lu\/wp-content\/uploads\/2016\/10\/Logo-ap-kiefferomnitec-advance.png\" alt=\"logo-ap-kiefferomnitec-advance\" width=\"314\" height=\"50\" srcset=\"https:\/\/e-lectrike.ltett.lu\/wp-content\/uploads\/2016\/10\/Logo-ap-kiefferomnitec-advance.png 2126w, https:\/\/e-lectrike.ltett.lu\/wp-content\/uploads\/2016\/10\/Logo-ap-kiefferomnitec-advance-300x48.png 300w, https:\/\/e-lectrike.ltett.lu\/wp-content\/uploads\/2016\/10\/Logo-ap-kiefferomnitec-advance-1024x163.png 1024w, https:\/\/e-lectrike.ltett.lu\/wp-content\/uploads\/2016\/10\/Logo-ap-kiefferomnitec-advance-768x122.png 768w, https:\/\/e-lectrike.ltett.lu\/wp-content\/uploads\/2016\/10\/Logo-ap-kiefferomnitec-advance-1536x245.png 1536w, https:\/\/e-lectrike.ltett.lu\/wp-content\/uploads\/2016\/10\/Logo-ap-kiefferomnitec-advance-2048x327.png 2048w, https:\/\/e-lectrike.ltett.lu\/wp-content\/uploads\/2016\/10\/Logo-ap-kiefferomnitec-advance-1568x250.png 1568w\" sizes=\"auto, (max-width: 314px) 100vw, 314px\" \/><\/a><a href=\"http:\/\/www.solarxxl.com\" target=\"_blank\" rel=\"noopener\"> <img loading=\"lazy\" decoding=\"async\" class=\"wp-image-233 alignnone\" src=\"https:\/\/e-lectrike.ltett.lu\/wp-content\/uploads\/2016\/10\/Logo_solarXXL_Final-2016-300x72.jpg\" alt=\"Logo_solarXXL_Final\" width=\"209\" height=\"50\" srcset=\"https:\/\/e-lectrike.ltett.lu\/wp-content\/uploads\/2016\/10\/Logo_solarXXL_Final-2016-300x72.jpg 300w, https:\/\/e-lectrike.ltett.lu\/wp-content\/uploads\/2016\/10\/Logo_solarXXL_Final-2016-1024x245.jpg 1024w, https:\/\/e-lectrike.ltett.lu\/wp-content\/uploads\/2016\/10\/Logo_solarXXL_Final-2016-768x183.jpg 768w, https:\/\/e-lectrike.ltett.lu\/wp-content\/uploads\/2016\/10\/Logo_solarXXL_Final-2016-1536x367.jpg 1536w, https:\/\/e-lectrike.ltett.lu\/wp-content\/uploads\/2016\/10\/Logo_solarXXL_Final-2016-1568x375.jpg 1568w, https:\/\/e-lectrike.ltett.lu\/wp-content\/uploads\/2016\/10\/Logo_solarXXL_Final-2016.jpg 1800w\" sizes=\"auto, (max-width: 209px) 100vw, 209px\" \/>\u00a0 <\/a><a href=\"http:\/\/www.reiffeisen.lu\" target=\"_blank\" rel=\"noopener\"><img loading=\"lazy\" decoding=\"async\" class=\"alignnone wp-image-248\" src=\"https:\/\/e-lectrike.ltett.lu\/wp-content\/uploads\/2016\/10\/logo.png\" alt=\"logo\" width=\"71\" height=\"50\" srcset=\"https:\/\/e-lectrike.ltett.lu\/wp-content\/uploads\/2016\/10\/logo.png 610w, https:\/\/e-lectrike.ltett.lu\/wp-content\/uploads\/2016\/10\/logo-300x212.png 300w\" sizes=\"auto, (max-width: 71px) 100vw, 71px\" \/> <\/a> <a href=\"http:\/\/www.bcee.lu\" target=\"_blank\" rel=\"noopener\"><img loading=\"lazy\" decoding=\"async\" class=\"alignnone wp-image-249\" src=\"https:\/\/e-lectrike.ltett.lu\/wp-content\/uploads\/2016\/10\/SPUERK_CMYK_LOGO.jpg\" alt=\"logo\" width=\"89\" height=\"50\" srcset=\"https:\/\/e-lectrike.ltett.lu\/wp-content\/uploads\/2016\/10\/SPUERK_CMYK_LOGO.jpg 525w, https:\/\/e-lectrike.ltett.lu\/wp-content\/uploads\/2016\/10\/SPUERK_CMYK_LOGO-300x168.jpg 300w\" sizes=\"auto, (max-width: 89px) 100vw, 89px\" \/><\/a><a href=\"http:\/\/www.cactus.lu\" target=\"_blank\" rel=\"noopener\"><img loading=\"lazy\" decoding=\"async\" class=\"alignnone wp-image-251\" src=\"https:\/\/e-lectrike.ltett.lu\/wp-content\/uploads\/2016\/10\/Cactus_transparent.gif\" alt=\"cactus_transparent\" width=\"156\" height=\"50\" \/><\/a> <a href=\"www.emile-weber.lu\"><img loading=\"lazy\" decoding=\"async\" class=\"alignnone wp-image-253\" src=\"https:\/\/e-lectrike.ltett.lu\/wp-content\/uploads\/2016\/10\/Capture.png\" alt=\"Voyages Emile Weber\" width=\"132\" height=\"50\" srcset=\"https:\/\/e-lectrike.ltett.lu\/wp-content\/uploads\/2016\/10\/Capture.png 728w, https:\/\/e-lectrike.ltett.lu\/wp-content\/uploads\/2016\/10\/Capture-300x114.png 300w\" sizes=\"auto, (max-width: 132px) 100vw, 132px\" \/><\/a> <a href=\"www.foyer.lu\"><img loading=\"lazy\" decoding=\"async\" class=\"alignnone wp-image-256\" src=\"https:\/\/e-lectrike.ltett.lu\/wp-content\/uploads\/2016\/10\/Foyer-logo.jpg\" alt=\"Foyer logo\" width=\"50\" height=\"50\" srcset=\"https:\/\/e-lectrike.ltett.lu\/wp-content\/uploads\/2016\/10\/Foyer-logo.jpg 829w, https:\/\/e-lectrike.ltett.lu\/wp-content\/uploads\/2016\/10\/Foyer-logo-300x300.jpg 300w, https:\/\/e-lectrike.ltett.lu\/wp-content\/uploads\/2016\/10\/Foyer-logo-150x150.jpg 150w, https:\/\/e-lectrike.ltett.lu\/wp-content\/uploads\/2016\/10\/Foyer-logo-768x768.jpg 768w\" sizes=\"auto, (max-width: 50px) 100vw, 50px\" \/><\/a><a href=\"http:\/\/www.sma.lu\" target=\"_blank\" rel=\"noopener\"><img loading=\"lazy\" decoding=\"async\" class=\"alignnone wp-image-261\" src=\"https:\/\/e-lectrike.ltett.lu\/wp-content\/uploads\/2016\/10\/SMA_Logo.jpg\" alt=\"sma_logo\" width=\"50\" height=\"50\" srcset=\"https:\/\/e-lectrike.ltett.lu\/wp-content\/uploads\/2016\/10\/SMA_Logo.jpg 886w, https:\/\/e-lectrike.ltett.lu\/wp-content\/uploads\/2016\/10\/SMA_Logo-300x300.jpg 300w, https:\/\/e-lectrike.ltett.lu\/wp-content\/uploads\/2016\/10\/SMA_Logo-150x150.jpg 150w, https:\/\/e-lectrike.ltett.lu\/wp-content\/uploads\/2016\/10\/SMA_Logo-768x768.jpg 768w\" sizes=\"auto, (max-width: 50px) 100vw, 50px\" \/><\/a><\/p>\n<p><a href=\"http:\/\/www.bgl.lu\" target=\"_blank\" rel=\"noopener\"><img loading=\"lazy\" decoding=\"async\" class=\"alignnone wp-image-263\" src=\"https:\/\/e-lectrike.ltett.lu\/wp-content\/uploads\/2016\/10\/BGL.jpg\" alt=\"bgl\" width=\"163\" height=\"50\" srcset=\"https:\/\/e-lectrike.ltett.lu\/wp-content\/uploads\/2016\/10\/BGL.jpg 663w, https:\/\/e-lectrike.ltett.lu\/wp-content\/uploads\/2016\/10\/BGL-300x92.jpg 300w\" sizes=\"auto, (max-width: 163px) 100vw, 163px\" \/> <\/a><a href=\"http:\/\/www.fordwengler.lu\" target=\"_blank\" rel=\"noopener\"><img loading=\"lazy\" decoding=\"async\" class=\"alignnone wp-image-265\" src=\"https:\/\/e-lectrike.ltett.lu\/wp-content\/uploads\/2016\/10\/Logo-wengler.png\" alt=\"logo-wengler\" width=\"104\" height=\"50\" srcset=\"https:\/\/e-lectrike.ltett.lu\/wp-content\/uploads\/2016\/10\/Logo-wengler.png 634w, https:\/\/e-lectrike.ltett.lu\/wp-content\/uploads\/2016\/10\/Logo-wengler-300x144.png 300w\" sizes=\"auto, (max-width: 104px) 100vw, 104px\" \/> <\/a><a href=\"http:\/\/www.enovos.lu\" target=\"_blank\" rel=\"noopener\"><img loading=\"lazy\" decoding=\"async\" class=\"alignnone wp-image-268\" src=\"https:\/\/e-lectrike.ltett.lu\/wp-content\/uploads\/2016\/10\/Logo_Fonds_Nova_Natuurstroum_2009-160x71-1.jpg\" alt=\"logo_fonds_nova_natuurstroum_2009-160x71\" width=\"113\" height=\"50\" \/><\/a><\/p>\n","protected":false},"excerpt":{"rendered":"<p>Dieses Sch\u00fclerprojekt wird zum Teil von Sponsoren unterst\u00fctzt. Wir bedanken uns deshalb ganz herzlich bei Ihnen allen. Deswegen haben wir<\/p>\n","protected":false},"author":2,"featured_media":0,"parent":0,"menu_order":0,"comment_status":"closed","ping_status":"closed","template":"","meta":{"footnotes":""},"class_list":["post-232","page","type-page","status-publish","hentry"],"_links":{"self":[{"href":"https:\/\/e-lectrike.ltett.lu\/index.php\/wp-json\/wp\/v2\/pages\/232","targetHints":{"allow":["GET"]}}],"collection":[{"href":"https:\/\/e-lectrike.ltett.lu\/index.php\/wp-json\/wp\/v2\/pages"}],"about":[{"href":"https:\/\/e-lectrike.ltett.lu\/index.php\/wp-json\/wp\/v2\/types\/page"}],"author":[{"embeddable":true,"href":"https:\/\/e-lectrike.ltett.lu\/index.php\/wp-json\/wp\/v2\/users\/2"}],"replies":[{"embeddable":true,"href":"https:\/\/e-lectrike.ltett.lu\/index.php\/wp-json\/wp\/v2\/comments?post=232"}],"version-history":[{"count":0,"href":"https:\/\/e-lectrike.ltett.lu\/index.php\/wp-json\/wp\/v2\/pages\/232\/revisions"}],"wp:attachment":[{"href":"https:\/\/e-lectrike.ltett.lu\/index.php\/wp-json\/wp\/v2\/media?parent=232"}],"curies":[{"name":"wp","href":"https:\/\/api.w.org\/{rel}","templated":true}]}}