{"id":276,"date":"2016-10-06T09:26:11","date_gmt":"2016-10-06T09:26:11","guid":{"rendered":"http:\/\/e-lectrike.lu\/?page_id=276"},"modified":"2026-02-05T09:02:00","modified_gmt":"2026-02-05T08:02:00","slug":"kontakt","status":"publish","type":"page","link":"https:\/\/e-lectrike.ltett.lu\/index.php\/kontakt\/","title":{"rendered":"Kontakt und Presse"},"content":{"rendered":"<p><strong>Kontakt:<\/strong><br \/>\nLyc\u00e9e Technique d&#8217;Ettelbruck<br \/>\nc\/o Alain Weiler<br \/>\n71, Avenue Salentiny<br \/>\nL-9080 Ettelbruck<br \/>\n(Luxembourg)<br \/>\nTel.: +352 81 92 01<br \/>\nwww.e-lectrike.ltett.lu<br \/>\nE-Mail: <img loading=\"lazy\" decoding=\"async\" class=\"alignnone size-full wp-image-277\" src=\"https:\/\/e-lectrike.ltett.lu\/wp-content\/uploads\/2016\/10\/e-mail.gif\" alt=\"e-mail\" width=\"217\" height=\"22\" \/><\/p>\n<hr \/>\n<p class=\"auto-style2\" align=\"left\"><strong>Presse:<\/strong><br \/>\n<a href=\"https:\/\/e-lectrike.ltett.lu\/wp-content\/uploads\/2026\/02\/TB-2017-05-29-Vom-Ardennerpferd-bis-zur-Elektromobilitaet.pdf\">Vom Ardennerpferd bis zur Elektromobilit\u00e4t<br \/>\n<\/a>(Tageblatt vom 29. Mai 2017)<\/p>\n<p class=\"auto-style2\" align=\"left\"><a href=\"https:\/\/e-lectrike.ltett.lu\/wp-content\/uploads\/2026\/02\/TB-2017-05-15-Ein-Radsport-Event-im-Norden.pdf\">Ein Radsport-Event im Norden<\/a><br \/>\n(Tageblatt vom 15. Mai 2017)<\/p>\n<p class=\"auto-style2\" align=\"left\"><a href=\"https:\/\/e-lectrike.ltett.lu\/wp-content\/uploads\/2026\/02\/E-lectrikeSolarHexmarch16-1.pdf\" target=\"_blank\" rel=\"noopener\">Einmal Sonne tanken, bitte!<\/a><br \/>\n(Nordstad Magazin hex [DE],[FR])<\/p>\n<p class=\"auto-style2\" align=\"left\"><span class=\"auto-style3\"><a href=\"https:\/\/e-lectrike.ltett.lu\/wp-content\/uploads\/2026\/02\/LW-02072014-Mit-dem-Elektro-Liegedreirad-nach-Koblenz.pdf\" target=\"_blank\" rel=\"noopener\">Mit dem Elektro-Liegedreirad nach Koblenz<\/a><\/span><br class=\"auto-style3\" \/><span class=\"auto-style3\">(Luxemburger Wort vom 2. Juli 2014 [DE])<\/span><\/p>\n<p class=\"auto-style2\" align=\"left\"><a href=\"https:\/\/e-lectrike.ltett.lu\/wp-content\/uploads\/2026\/02\/Lessentiel-14012014-Les-lyceens-lances-dans-leur-periple-en-velo-solaire.pdf\" target=\"_blank\" rel=\"noopener\"> <span class=\"auto-style4\">Les lyc\u00e9ens lanc\u00e9s dans leur p\u00e9riple en v\u00e9lo solaire<\/span><\/a><br class=\"auto-style3\" \/><span class=\"auto-style3\">(L&#8217;essentiel vom 12. Januar 2014 [FR])<\/span><\/p>\n<p align=\"left\"><span style=\"color: #ffffff;\"> <a href=\"https:\/\/e-lectrike.ltett.lu\/wp-content\/uploads\/2026\/02\/LW-22062013-Dreiraeder-mit-Sonnenenergie.pdf\" target=\"_blank\" rel=\"noopener\"> <span class=\"auto-style3\">Dreir\u00e4der mit Sonnenenergie &#8211; LTEtt-Sch\u00fcler bauen solarbetriebene Pedelecs<\/span><\/a><\/span><br \/>\n(Luxemburger Wort vom 22. Juni 2013 [DE])<\/p>\n<p align=\"left\"><span style=\"color: #ffffff;\"> <a href=\"https:\/\/e-lectrike.ltett.lu\/wp-content\/uploads\/2026\/02\/Lessentiel-21062013-Les-eleves-dEttelbruck-triomphent-en-Savoie.pdf\" target=\"_blank\" rel=\"noopener\"> <span class=\"auto-style3\">Les \u00e9l\u00e8ves d&#8217;Ettelbruck triomphent en Savoie<\/span><\/a><\/span><br \/>\n(L&#8217;essentiel vom 21. Juni 2013 [FR])<\/p>\n<p align=\"left\"><span style=\"color: #ffffff;\"> <a href=\"https:\/\/e-lectrike.ltett.lu\/wp-content\/uploads\/2026\/02\/dauphine-libere-chambery-17062013-vainquer-le-lycee-monge-a-survole-la-course-solaire_croped.pdf\" target=\"_blank\" rel=\"noopener\"> <span class=\"auto-style3\">Vainquer, le lyc\u00e9e Monge a survol\u00e9 la Course solaire<\/span><\/a><\/span><br \/>\n(Le Dauphin\u00e9 Lib\u00e9r\u00e9 &#8211; r\u00e9gion Cham\u00e9ry vom 17. Juni 2013 [FR])<\/p>\n<p align=\"left\"><span style=\"color: #ffffff;\"> <a href=\"https:\/\/e-lectrike.ltett.lu\/wp-content\/uploads\/2026\/02\/dauphine-libere-chambery-16062013-Pleins-feux-sur-les-engins-solaires.pdf\" target=\"_blank\" rel=\"noopener\"> <span class=\"auto-style3\">Pleins feux sur les engins solaires<\/span><\/a><\/span><br \/>\n(Le Dauphin\u00e9 Lib\u00e9r\u00e9 &#8211; r\u00e9gion Cham\u00e9ry vom 16. Juni 2013 [FR])<\/p>\n<p align=\"left\"><span style=\"color: #ffffff;\"> <a href=\"https:\/\/e-lectrike.ltett.lu\/wp-content\/uploads\/2026\/02\/LW-05062013-Gezielte-Foerderung-von-Energieprojekten.pdf\" target=\"_blank\" rel=\"noopener\"> <span class=\"auto-style3\">Gezielte F\u00f6rderung von Energieprojekten &#8211; &#8220;fonds nova natuurstroum&#8221; zeichnet Initiativen im Bereich erneuerbarer Energien aus<\/span><\/a><\/span><br \/>\n(Luxemburger Wort vom 5. Juni 2013 [DE])<\/p>\n<p align=\"left\"><span style=\"color: #ffffff;\"> <a href=\"https:\/\/e-lectrike.ltett.lu\/wp-content\/uploads\/2026\/02\/Le-Dauphine-libere-17062012-La-course-solaire.pdf\" target=\"_blank\" rel=\"noopener\"> <span class=\"auto-style3\">Une journ\u00e9e \u00e0 vivre au rythme du solaire au Bourget-du-Lac<\/span><\/a><\/span><br \/>\n(Le Dauphin\u00e9 Lib\u00e9r\u00e9 &#8211; r\u00e9gion savoie vom 17. Juni 2012 [FR])<\/p>\n<p align=\"left\"><span style=\"color: #ffffff;\"> <a href=\"https:\/\/e-lectrike.ltett.lu\/wp-content\/uploads\/2026\/02\/LW-04052012-Smartere-Mobilitat-e-lectrike-solar.pdf\" target=\"_blank\" rel=\"noopener\"> <span class=\"auto-style3\">Smartere Mobilit\u00e4t &#8211; Sch\u00fcler aus Ettelbr\u00fcck und Luxemburg nehmen an verschiedenen &#8220;Eco-Marathons&#8221; teil<\/span><\/a><\/span><br \/>\n(Luxemburger Wort vom 4. Mai 2012 [DE])<\/p>\n<p align=\"left\"><a href=\"https:\/\/e-lectrike.ltett.lu\/wp-content\/uploads\/2026\/02\/e-lectrike-solar-eMobility-2012.pdf\" target=\"_blank\" rel=\"noopener\"><span class=\"auto-style3\">Konzeptstudie: e<\/span><span class=\"auto-style3\">&#8211;<\/span><span class=\"auto-style3\">lectrike <sup>solar<\/sup> : Ein zukunftweisendes Projekt des Lyc\u00e9e Technique d&#8217;Ettelbruck<\/span><\/a><br \/>\n(eMobility-Magazin zur eMobility-Messe 2012 [DE])<\/p>\n<p align=\"left\"><span style=\"color: #ffffff;\"> <a href=\"https:\/\/e-lectrike.ltett.lu\/wp-content\/uploads\/2026\/02\/wingfootclan-goodyear-01-2012-Von-der-Sonne-getrieben.pdf\" target=\"_blank\" rel=\"noopener\"> <span class=\"auto-style3\">Von der Sonne getrieben<\/span><\/a><\/span><br \/>\n(Wingfoot-Clan 01\/2012 &#8211; Goodyear Dunlop Tires SA [DE \/ FR])<\/p>\n","protected":false},"excerpt":{"rendered":"<p>Kontakt: Lyc\u00e9e Technique d&#8217;Ettelbruck c\/o Alain Weiler 71, Avenue Salentiny L-9080 Ettelbruck (Luxembourg) Tel.: +352 81 92 01 www.e-lectrike.ltett.lu E-Mail:<\/p>\n","protected":false},"author":2,"featured_media":0,"parent":0,"menu_order":0,"comment_status":"closed","ping_status":"closed","template":"","meta":{"footnotes":""},"class_list":["post-276","page","type-page","status-publish","hentry"],"_links":{"self":[{"href":"https:\/\/e-lectrike.ltett.lu\/index.php\/wp-json\/wp\/v2\/pages\/276","targetHints":{"allow":["GET"]}}],"collection":[{"href":"https:\/\/e-lectrike.ltett.lu\/index.php\/wp-json\/wp\/v2\/pages"}],"about":[{"href":"https:\/\/e-lectrike.ltett.lu\/index.php\/wp-json\/wp\/v2\/types\/page"}],"author":[{"embeddable":true,"href":"https:\/\/e-lectrike.ltett.lu\/index.php\/wp-json\/wp\/v2\/users\/2"}],"replies":[{"embeddable":true,"href":"https:\/\/e-lectrike.ltett.lu\/index.php\/wp-json\/wp\/v2\/comments?post=276"}],"version-history":[{"count":17,"href":"https:\/\/e-lectrike.ltett.lu\/index.php\/wp-json\/wp\/v2\/pages\/276\/revisions"}],"predecessor-version":[{"id":781,"href":"https:\/\/e-lectrike.ltett.lu\/index.php\/wp-json\/wp\/v2\/pages\/276\/revisions\/781"}],"wp:attachment":[{"href":"https:\/\/e-lectrike.ltett.lu\/index.php\/wp-json\/wp\/v2\/media?parent=276"}],"curies":[{"name":"wp","href":"https:\/\/api.w.org\/{rel}","templated":true}]}}