{"id":488,"date":"2018-04-20T09:32:05","date_gmt":"2018-04-20T09:32:05","guid":{"rendered":"http:\/\/e-lectrike.lu\/?page_id=488"},"modified":"2018-04-20T09:32:05","modified_gmt":"2018-04-20T09:32:05","slug":"pedelec-ladestation","status":"publish","type":"page","link":"https:\/\/e-lectrike.ltett.lu\/index.php\/pedelec-ladestation\/","title":{"rendered":"Pedelec-Ladestation"},"content":{"rendered":"<p style=\"text-align: justify;\"><strong>Mit dem Elektrofahrrad zur Schule oder zur Arbeit<\/strong><br \/>\nNeben dem Sportskomplex des Lyc\u00e9e Technique d&#8217;Ettelbruck befindet sich die Ladestation f\u00fcr Elektrofahrr\u00e4der. Jedes Mitglied unserer Schulgemeinschaft, das mit seinem Pedelec zur Schule kommt, kann dort den Akkumulator wieder aufladen.<\/p>\n<p style=\"text-align: justify;\"><em>Mit Hilfe der Sonnenenergie wieder nach Hause!<br \/>\n<\/em>Auf dem Dach der Station befinden sich Solarpanels, welche die Sonnenenergie in elektrische Energie umwandeln. Diese Energie wird zum Laden der Fahrrad-Akkus verwendet.<\/p>\n<p style=\"text-align: justify;\"><em>Die Pedelec-Ladestation \u2013 ein <strong>Sch\u00fclerprojekt<\/strong> der Klassen DP3EE (fr\u00fcher: X2EE) und 1TPEE (fr\u00fcher: T3EE)<br \/>\n<\/em>Zur Zeit werden Verdrahtungsarbeiten am Schaltschrank durchgef\u00fchrt. Daneben wurde die\u00a0 Speicherbatterie <a href=\"https:\/\/www.eaton.com\/de\/de-de\/catalog\/energy-storage\/xstorage-home.html\" target=\"_blank\" rel=\"noopener\">Eaton xStorage<\/a> in Betrieb genommen. Ein Gro\u00dfbildschirm zeigt Informationen \u00fcber die Solaranlagen (aktuelle Leistung, Energieertrag, CO<sub>2<\/sub>-Einsparung, usw.) und Events im LTETT an; die Slides wurde von Sch\u00fcler erstellt.<\/p>\n<p style=\"text-align: justify;\">Das Projekt wird vom Fonds National de la Recherche (FNR) finanziell unterst\u00fctzt.<\/p>\n<p style=\"text-align: justify;\"><a href=\"https:\/\/www.fnr.lu\" target=\"_blank\" rel=\"noopener\"><img loading=\"lazy\" decoding=\"async\" class=\"alignnone wp-image-493 size-medium\" src=\"https:\/\/e-lectrike.ltett.lu\/wp-content\/uploads\/2018\/04\/FNR_logo_QUADRI_gris_fondblanc-300x72.jpg\" alt=\"FNR_logo_non_vecto\" width=\"300\" height=\"72\" srcset=\"https:\/\/e-lectrike.ltett.lu\/wp-content\/uploads\/2018\/04\/FNR_logo_QUADRI_gris_fondblanc-300x72.jpg 300w, https:\/\/e-lectrike.ltett.lu\/wp-content\/uploads\/2018\/04\/FNR_logo_QUADRI_gris_fondblanc-1024x247.jpg 1024w, https:\/\/e-lectrike.ltett.lu\/wp-content\/uploads\/2018\/04\/FNR_logo_QUADRI_gris_fondblanc-768x186.jpg 768w, https:\/\/e-lectrike.ltett.lu\/wp-content\/uploads\/2018\/04\/FNR_logo_QUADRI_gris_fondblanc.jpg 1109w\" sizes=\"auto, (max-width: 300px) 100vw, 300px\" \/><\/a><\/p>\n<p style=\"text-align: justify;\">Anlagendaten:<\/p>\n<p><iframe loading=\"lazy\" src=\"https:\/\/www.sunnyportal.com\/Templates\/PublicPage.aspx?page=eb331ecb-03c6-49a0-a325-b6567eef08a8\" name=\"Anlagensteckbrief Pedelec-Ladestation LTETT\" width=\"760\" height=\"290\" frameborder=\"0\"><\/iframe><\/p>\n<p><iframe loading=\"lazy\" src=\"https:\/\/www.sunnyportal.com\/Templates\/PublicPage.aspx?page=329f22fe-f75e-408e-8019-5779e11f16df\" name=\"Anlagen\u00fcbersicht Pedelec-Ladestation LTETT\" width=\"760\" height=\"800\" frameborder=\"0\"><\/iframe><\/p>\n","protected":false},"excerpt":{"rendered":"<p>Mit dem Elektrofahrrad zur Schule oder zur Arbeit Neben dem Sportskomplex des Lyc\u00e9e Technique d&#8217;Ettelbruck befindet sich die Ladestation f\u00fcr<\/p>\n","protected":false},"author":2,"featured_media":0,"parent":0,"menu_order":0,"comment_status":"closed","ping_status":"closed","template":"","meta":{"footnotes":""},"class_list":["post-488","page","type-page","status-publish","hentry"],"_links":{"self":[{"href":"https:\/\/e-lectrike.ltett.lu\/index.php\/wp-json\/wp\/v2\/pages\/488","targetHints":{"allow":["GET"]}}],"collection":[{"href":"https:\/\/e-lectrike.ltett.lu\/index.php\/wp-json\/wp\/v2\/pages"}],"about":[{"href":"https:\/\/e-lectrike.ltett.lu\/index.php\/wp-json\/wp\/v2\/types\/page"}],"author":[{"embeddable":true,"href":"https:\/\/e-lectrike.ltett.lu\/index.php\/wp-json\/wp\/v2\/users\/2"}],"replies":[{"embeddable":true,"href":"https:\/\/e-lectrike.ltett.lu\/index.php\/wp-json\/wp\/v2\/comments?post=488"}],"version-history":[{"count":0,"href":"https:\/\/e-lectrike.ltett.lu\/index.php\/wp-json\/wp\/v2\/pages\/488\/revisions"}],"wp:attachment":[{"href":"https:\/\/e-lectrike.ltett.lu\/index.php\/wp-json\/wp\/v2\/media?parent=488"}],"curies":[{"name":"wp","href":"https:\/\/api.w.org\/{rel}","templated":true}]}}