{"id":70,"date":"2016-09-20T17:49:08","date_gmt":"2016-09-20T17:49:08","guid":{"rendered":"http:\/\/e-lectrike.lu\/wp\/?page_id=70"},"modified":"2026-02-03T19:58:56","modified_gmt":"2026-02-03T18:58:56","slug":"2012-2","status":"publish","type":"page","link":"https:\/\/e-lectrike.ltett.lu\/index.php\/racing\/2012-2\/","title":{"rendered":"2012 &#8211; 6 heures de Savoie Technolac"},"content":{"rendered":"<p style=\"text-align: justify;\">16. &amp; 17.6.2012<strong><br \/>\nTeam <a href=\"http:\/\/de.wikipedia.org\/wiki\/Belenus\"> BELENOS<\/a> des <a href=\"http:\/\/www.ltett.lu\/\"> Lyc\u00e9e Technique Ettelbruck<\/a> mit dem <em><br \/>\ne-lectrike <sup>solar<\/sup><\/em> im Renneinsatz beim Solar Event #4 in<br \/>\nLe-Bourget-du-Lac <\/strong><\/p>\n<p>2. Platz in der Kategorie Prototypes<br \/>\n3. Platz im Gesamtklassement<\/p>\n<p style=\"text-align: justify;\"><img loading=\"lazy\" decoding=\"async\" class=\"alignright wp-image-174\" src=\"https:\/\/e-lectrike.ltett.lu\/wp-content\/uploads\/2016\/09\/Drivers-e-lectrike-solar_235x314.jpg\" alt=\"drivers-e-lectrike-solar_235x314\" width=\"187\" height=\"250\" srcset=\"https:\/\/e-lectrike.ltett.lu\/wp-content\/uploads\/2016\/09\/Drivers-e-lectrike-solar_235x314.jpg 235w, https:\/\/e-lectrike.ltett.lu\/wp-content\/uploads\/2016\/09\/Drivers-e-lectrike-solar_235x314-225x300.jpg 225w\" sizes=\"auto, (max-width: 187px) 100vw, 187px\" \/><span lang=\"DE-LU\"><img loading=\"lazy\" decoding=\"async\" class=\"alignright wp-image-175\" src=\"https:\/\/e-lectrike.ltett.lu\/wp-content\/uploads\/2016\/09\/IMG_4868_235x314.jpg\" alt=\"img_4868_235x314\" width=\"166\" height=\"250\" srcset=\"https:\/\/e-lectrike.ltett.lu\/wp-content\/uploads\/2016\/09\/IMG_4868_235x314.jpg 209w, https:\/\/e-lectrike.ltett.lu\/wp-content\/uploads\/2016\/09\/IMG_4868_235x314-200x300.jpg 200w\" sizes=\"auto, (max-width: 166px) 100vw, 166px\" \/><\/span>Das <i> e<\/i>-lectrike <sup> solar<\/sup> ging in der Racing-Version am 16. und 17. Juni beim Solar Event #4 im Savoie Technolac (F) an den Start. Gestartet wurde in der Kategorie &#8220;V\u00e9hicule solaire prototype Eco-marathon&#8221;. Die Kapazit\u00e4t des Akkumulators wurde laut Reglement auf 500 Wh begrenzt. Es wurde ohne Kurbelantrieb gefahren, d.h. rein elektrisch. Das <i> e<\/i>-lectrike <sup> solar<\/sup> wurde von drei Sch\u00fclern gefahren; die maximale Fahrzeit betrug 45 Minuten gefolgt von einer Mindestpausendauer von 30 Minuten.<br \/>\n<span lang=\"DE-LU\">Am Samstag entschied ein Qualifying \u00fcber den Startplatz der L\u00e4ufe. Das <\/span> <span class=\"auto-style2\"> e<\/span>-lectrike <sup> solar<\/sup> <span lang=\"DE-LU\">belegte hier den 6. Rang von insgesamt 10 Fahrzeugen mit einer Durchschnittsgeschwindigkeit von 31 km\/h. Am gleichen Tag wurde der 1. Lauf von drei Stunden ohne Probleme absolviert. <\/span><br \/>\n<img loading=\"lazy\" decoding=\"async\" class=\"size-full wp-image-176 alignleft\" src=\"https:\/\/e-lectrike.ltett.lu\/wp-content\/uploads\/2016\/09\/IMG_5056_235x314.jpg\" alt=\"img_5056_235x314\" width=\"314\" height=\"209\" srcset=\"https:\/\/e-lectrike.ltett.lu\/wp-content\/uploads\/2016\/09\/IMG_5056_235x314.jpg 314w, https:\/\/e-lectrike.ltett.lu\/wp-content\/uploads\/2016\/09\/IMG_5056_235x314-300x200.jpg 300w\" sizes=\"auto, (max-width: 314px) 100vw, 314px\" \/><span lang=\"DE-LU\"><img loading=\"lazy\" decoding=\"async\" class=\"wp-image-177 size-full alignleft\" src=\"http:\/\/e-lectrike.lu\/wp\/wp-content\/uploads\/2016\/09\/IMG_5097_235x314-e1474875373259.jpg\" alt=\"img_5097_235x314\" width=\"209\" height=\"209\" srcset=\"https:\/\/e-lectrike.ltett.lu\/wp-content\/uploads\/2016\/09\/IMG_5097_235x314-e1474875373259.jpg 209w, https:\/\/e-lectrike.ltett.lu\/wp-content\/uploads\/2016\/09\/IMG_5097_235x314-e1474875373259-150x150.jpg 150w\" sizes=\"auto, (max-width: 209px) 100vw, 209px\" \/>Am Sonntag wurden gleich zwei L\u00e4ufe gefahren, die durch eine zweist\u00fcndige Mittagspause voneinander getrennt waren. Gegen Ende des ersten Laufs wurde <span class=\"auto-style4\">e<\/span>-lectrike <sup> solar <\/sup>\u00a0viel langsamer; der Solargenerator lieferte keine Energie mehr an die Akkumulatoren. Es dauerte fast eine Stunde, bis das Problem erkannt und eine L\u00f6sung gefunden wurde. Die restliche Pausenzeit von etwas mehr als einer Stunde wurde nun zum solaren Nachladen der elektrochemischen Speicher genutzt. Wegen dieser Panne konnte der zweite Lauf mit nur mehr 60% der maximalen Batterieladung begonnen werden.<br \/>\n<\/span><br \/>\n<span lang=\"DE-LU\">In der zweitletzten Rennrunde dieses Laufs erlebte das ganze Team eine Schrecksekunde: der Anh\u00e4nger mit dem Solargenerator kippte in einer Kurve wegen eines Schlaglochs seitlich um. Der Fahrer blieb zum Gl\u00fcck unverletzt und konnte das Rennen mit dem Anh\u00e4nger in langsamer Fahrt fortsetzen. Insgesamt wurden beim Solar Event #4 mit dem\u00a0 <span class=\"auto-style4\">e<\/span>-lectrike <sup>solar <\/sup> \u00a075 Runden abgespult, was einer Strecke von 180km entspricht.<br \/>\n<img loading=\"lazy\" decoding=\"async\" class=\"alignnone wp-image-178 size-full\" src=\"https:\/\/e-lectrike.ltett.lu\/wp-content\/uploads\/2016\/09\/team-e-lectrike-solar-1.jpg\" alt=\"team-e-lectrike-solar\" width=\"1024\" height=\"768\" srcset=\"https:\/\/e-lectrike.ltett.lu\/wp-content\/uploads\/2016\/09\/team-e-lectrike-solar-1.jpg 1024w, https:\/\/e-lectrike.ltett.lu\/wp-content\/uploads\/2016\/09\/team-e-lectrike-solar-1-300x225.jpg 300w, https:\/\/e-lectrike.ltett.lu\/wp-content\/uploads\/2016\/09\/team-e-lectrike-solar-1-768x576.jpg 768w\" sizes=\"auto, (max-width: 1024px) 100vw, 1024px\" \/><\/span><br \/>\n<span class=\"auto-style1\"><span lang=\"DE-LU\">Am Ende konnte das Team den ausgezeichneten 2. Platz in der Kategorie Prototypes und den 3. Rang im Gesamtklassement einfahren.<\/span><\/span><\/p>\n","protected":false},"excerpt":{"rendered":"<p>16. &amp; 17.6.2012 Team BELENOS des Lyc\u00e9e Technique Ettelbruck mit dem e-lectrike solar im Renneinsatz beim Solar Event #4 in<\/p>\n","protected":false},"author":2,"featured_media":0,"parent":67,"menu_order":0,"comment_status":"closed","ping_status":"closed","template":"","meta":{"footnotes":""},"class_list":["post-70","page","type-page","status-publish","hentry"],"_links":{"self":[{"href":"https:\/\/e-lectrike.ltett.lu\/index.php\/wp-json\/wp\/v2\/pages\/70","targetHints":{"allow":["GET"]}}],"collection":[{"href":"https:\/\/e-lectrike.ltett.lu\/index.php\/wp-json\/wp\/v2\/pages"}],"about":[{"href":"https:\/\/e-lectrike.ltett.lu\/index.php\/wp-json\/wp\/v2\/types\/page"}],"author":[{"embeddable":true,"href":"https:\/\/e-lectrike.ltett.lu\/index.php\/wp-json\/wp\/v2\/users\/2"}],"replies":[{"embeddable":true,"href":"https:\/\/e-lectrike.ltett.lu\/index.php\/wp-json\/wp\/v2\/comments?post=70"}],"version-history":[{"count":1,"href":"https:\/\/e-lectrike.ltett.lu\/index.php\/wp-json\/wp\/v2\/pages\/70\/revisions"}],"predecessor-version":[{"id":742,"href":"https:\/\/e-lectrike.ltett.lu\/index.php\/wp-json\/wp\/v2\/pages\/70\/revisions\/742"}],"up":[{"embeddable":true,"href":"https:\/\/e-lectrike.ltett.lu\/index.php\/wp-json\/wp\/v2\/pages\/67"}],"wp:attachment":[{"href":"https:\/\/e-lectrike.ltett.lu\/index.php\/wp-json\/wp\/v2\/media?parent=70"}],"curies":[{"name":"wp","href":"https:\/\/api.w.org\/{rel}","templated":true}]}}