{"id":73,"date":"2016-09-20T17:50:14","date_gmt":"2016-09-20T17:50:14","guid":{"rendered":"http:\/\/e-lectrike.lu\/wp\/?page_id=73"},"modified":"2016-09-20T17:50:14","modified_gmt":"2016-09-20T17:50:14","slug":"2013-2","status":"publish","type":"page","link":"https:\/\/e-lectrike.ltett.lu\/index.php\/racing\/2013-2\/","title":{"rendered":"2013 &#8211; 6 heures de Savoie Technolac"},"content":{"rendered":"<p class=\"auto-style3\" style=\"text-align: justify;\" align=\"center\"><span lang=\"DE-LU\">15. &amp; 16.6.2013<\/span><b><span lang=\"DE-LU\"><br \/>\nSch\u00fcler des <a href=\"http:\/\/www.ltett.lu\/\" target=\"_blank\" rel=\"noopener\"> <span class=\"auto-style1\">Lyc\u00e9e Technique Ettelbruck<\/span><\/a><span class=\"auto-style1\"> belegten den 1. und 4. Platz mit dem <\/span><i> <span class=\"auto-style2\">e<\/span>-lectrike <sup>solar<\/sup><\/i><\/span> <span lang=\"DE-LU\"><span class=\"auto-style1\">bei den &#8220;6 Heures de Savoie Technolac&#8221; in Le-Bourget-du-Lac <\/span><\/span><\/b><\/p>\n<p style=\"text-align: justify;\" align=\"left\">1. Platz in der Kategorie Prototype mit dem <b> <span class=\"auto-style2\"> e<\/span>&#8211;<\/b>lectrike <sup> solar<\/sup> <i>pure<\/i><br \/>\n4. Platz in der Kategorie Prototype mit dem <b> <span class=\"auto-style2\"> e<\/span>&#8211;<\/b>lectrike <sup> solar<\/sup> <i>racing<\/i><\/p>\n<p style=\"text-align: justify;\"><span lang=\"DE-LU\"><span lang=\"DE\"><img loading=\"lazy\" decoding=\"async\" class=\"wp-image-155 size-medium alignright\" src=\"http:\/\/e-lectrike.lu\/wp\/wp-content\/uploads\/2016\/09\/course-solaire-foto-INES-300x200.jpg\" alt=\"course-solaire-foto-ines\" width=\"300\" height=\"200\" srcset=\"https:\/\/e-lectrike.ltett.lu\/wp-content\/uploads\/2016\/09\/course-solaire-foto-INES-300x200.jpg 300w, https:\/\/e-lectrike.ltett.lu\/wp-content\/uploads\/2016\/09\/course-solaire-foto-INES.jpg 685w\" sizes=\"auto, (max-width: 300px) 100vw, 300px\" \/><\/span><\/span><span lang=\"DE-LU\"><span lang=\"DE\">Die &#8220;6 heures de Savoie Technolac&#8221; fanden am 15. und 16. Juni 2013 auf dem Gel\u00e4nde des Savoie Technolac in Le Bourget-du-Lac statt. Die Sch\u00fcler des LTEtt traten gleich mit zwei solarbetriebenen<\/span><span lang=\"DE-LU\"> Elektrodreir\u00e4dern an: <\/span><\/span><br \/>\n<span lang=\"DE-LU\">\u00a0Beim <b><i><span class=\"auto-style2\">e<\/span> <\/i><\/b> <span class=\"auto-style1\">&#8211; lectrike <sup>solar <\/sup><i>pure<\/i> ist das Solarpanel als Dach ausgef\u00fchrt und h\u00e4lt Sonne und Regen von den zwei Fahrern Jeff Reding und Fr\u00e9d\u00e9ric Thilmany ab.<\/span> Das <b><i><span class=\"auto-style2\">e<\/span> <\/i> <\/b><span class=\"auto-style1\">&#8211; lectrike <sup>solar <\/sup>in der Version <i>racing<\/i>, welches von Jo\u00ebl Pereira und Sebastiaan Van den Heuvel gefahren wurde, ist ein offenes Liegerad mit Anh\u00e4nger, auf dem sich das Solarpanel befindet.<br \/>\n<img loading=\"lazy\" decoding=\"async\" class=\"wp-image-157 size-medium alignleft\" src=\"http:\/\/e-lectrike.lu\/wp\/wp-content\/uploads\/2016\/09\/e-lectrike-solar-racing-300x200.jpg\" alt=\"e-lectrike-solar-racing\" width=\"300\" height=\"200\" srcset=\"https:\/\/e-lectrike.ltett.lu\/wp-content\/uploads\/2016\/09\/e-lectrike-solar-racing-300x200.jpg 300w, https:\/\/e-lectrike.ltett.lu\/wp-content\/uploads\/2016\/09\/e-lectrike-solar-racing.jpg 448w\" sizes=\"auto, (max-width: 300px) 100vw, 300px\" \/>Am Samstag 15. Juni entschied ein Qualifying \u00fcber den Startplatz der L\u00e4ufe. Das <span class=\"auto-style4\">e<\/span> &#8211; lectrike <sup>solar <\/sup><i>pure<\/i> und <i>racing<\/i> belegten hier die R\u00e4nge 11 und 12 von insgesamt 16 Fahrzeugen, dies mit einer Durchschnittsgeschwindigkeit von 31 km\/h bzw. 25 km\/h. Am gleichen Tag wurde der 1. Lauf von zwei Stunden trotz heftigem Regen ohne Probleme absolviert.<br \/>\nAm Sonntag wurden zwei L\u00e4ufe gefahren, die durch eine zweist\u00fcndige Mittagspause voneinander getrennt waren.<br \/>\n<\/span><\/span><img loading=\"lazy\" decoding=\"async\" class=\"wp-image-159 size-medium alignright\" src=\"http:\/\/e-lectrike.lu\/wp\/wp-content\/uploads\/2016\/09\/laden-in-der-mittagspause-300x200.jpg\" alt=\"laden-in-der-mittagspause\" width=\"300\" height=\"200\" srcset=\"https:\/\/e-lectrike.ltett.lu\/wp-content\/uploads\/2016\/09\/laden-in-der-mittagspause-300x200.jpg 300w, https:\/\/e-lectrike.ltett.lu\/wp-content\/uploads\/2016\/09\/laden-in-der-mittagspause.jpg 448w\" sizes=\"auto, (max-width: 300px) 100vw, 300px\" \/><span lang=\"DE-LU\"><span class=\"auto-style1\">Um 10h30 stellte die Crew des LTEtt anhand der Telemetriedaten fest, dass der Solargenerator des <span class=\"auto-style4\">e<\/span>-lectrike <sup>solar <\/sup><i>pure<\/i> keine Leistung mehr hatte. Fr\u00e9d\u00e9ric bekam \u00fcber Funk die Anweisung die Boxengasse anzufahren. Knapp ein Viertel der Solarzellen hatte sich gel\u00f6st und lagen umgeklappt auf dem restlichen Solarpanel. Es gelang dem Team den Fehler innerhalb von 10 Minuten zu beheben. Jeff \u00fcbernahm danach das Steuer des <i> pure<\/i> und konnte den 2. Lauf ohne weitere Zwischenf\u00e4lle beenden.<\/span><\/span><br \/>\n<img loading=\"lazy\" decoding=\"async\" class=\"wp-image-154 alignright\" src=\"https:\/\/e-lectrike.ltett.lu\/wp-content\/uploads\/2016\/09\/4-blaettriges-Kleeblatt.jpg\" alt=\"4-blaettriges-kleeblatt\" width=\"100\" height=\"150\" srcset=\"https:\/\/e-lectrike.ltett.lu\/wp-content\/uploads\/2016\/09\/4-blaettriges-Kleeblatt.jpg 265w, https:\/\/e-lectrike.ltett.lu\/wp-content\/uploads\/2016\/09\/4-blaettriges-Kleeblatt-200x300.jpg 200w\" sizes=\"auto, (max-width: 100px) 100vw, 100px\" \/><img loading=\"lazy\" decoding=\"async\" class=\"wp-image-160 alignright\" src=\"http:\/\/e-lectrike.lu\/wp\/wp-content\/uploads\/2016\/09\/podium-200x300.jpg\" alt=\"podium\" width=\"100\" height=\"150\" srcset=\"https:\/\/e-lectrike.ltett.lu\/wp-content\/uploads\/2016\/09\/podium-200x300.jpg 200w, https:\/\/e-lectrike.ltett.lu\/wp-content\/uploads\/2016\/09\/podium.jpg 299w\" sizes=\"auto, (max-width: 100px) 100vw, 100px\" \/>Nach der Mittagspause, die zum solaren Laden der Akkumulatoren diente, fuhren beide Fahrzeuge den 3. Lauf ohne Zwischenf\u00e4lle zu Ende. Das e-lectrike <sup> solar<\/sup> \u00a0pure konnte sich mit sechs Runden Vorsprung vor dem Team der Universit\u00e4t Grenoble behaupten und stand somit nach 6 Rennstunden auf dem 1. Podestplatz in der Kategorie &#8220;Prototypes&#8221;. Das e-lectrike <sup> solar<\/sup> \u00a0racing belegte den ausgezeichneten 4. Platz. Vielleicht lag es am vierbl\u00e4ttrigen Kleeblatt, das Jeff beim Aussteigen seines Rennboliden fand, dass am Ende des Rennens das e-lectrike solar \u00a0pure die Nase vorn hatte.<\/p>\n<p class=\"auto-style3\" style=\"text-align: justify;\"><span lang=\"DE-LU\"><span class=\"auto-style1\"><img loading=\"lazy\" decoding=\"async\" class=\"wp-image-161 size-full aligncenter\" src=\"https:\/\/e-lectrike.ltett.lu\/wp-content\/uploads\/2016\/09\/team-e-lectrike.jpg\" alt=\"team-e-lectrike\" width=\"1024\" height=\"404\" srcset=\"https:\/\/e-lectrike.ltett.lu\/wp-content\/uploads\/2016\/09\/team-e-lectrike.jpg 1024w, https:\/\/e-lectrike.ltett.lu\/wp-content\/uploads\/2016\/09\/team-e-lectrike-300x118.jpg 300w, https:\/\/e-lectrike.ltett.lu\/wp-content\/uploads\/2016\/09\/team-e-lectrike-768x303.jpg 768w\" sizes=\"auto, (max-width: 1024px) 100vw, 1024px\" \/>\u00a0<\/span><\/span><\/p>\n<p class=\"auto-style3\" style=\"text-align: justify;\"><span class=\"auto-style1\"><span lang=\"DE-LU\">\u00a0<\/span><\/span><\/p>\n","protected":false},"excerpt":{"rendered":"<p>15. &amp; 16.6.2013 Sch\u00fcler des Lyc\u00e9e Technique Ettelbruck belegten den 1. und 4. Platz mit dem e-lectrike solar bei den<\/p>\n","protected":false},"author":2,"featured_media":0,"parent":67,"menu_order":0,"comment_status":"closed","ping_status":"closed","template":"","meta":{"footnotes":""},"class_list":["post-73","page","type-page","status-publish","hentry"],"_links":{"self":[{"href":"https:\/\/e-lectrike.ltett.lu\/index.php\/wp-json\/wp\/v2\/pages\/73","targetHints":{"allow":["GET"]}}],"collection":[{"href":"https:\/\/e-lectrike.ltett.lu\/index.php\/wp-json\/wp\/v2\/pages"}],"about":[{"href":"https:\/\/e-lectrike.ltett.lu\/index.php\/wp-json\/wp\/v2\/types\/page"}],"author":[{"embeddable":true,"href":"https:\/\/e-lectrike.ltett.lu\/index.php\/wp-json\/wp\/v2\/users\/2"}],"replies":[{"embeddable":true,"href":"https:\/\/e-lectrike.ltett.lu\/index.php\/wp-json\/wp\/v2\/comments?post=73"}],"version-history":[{"count":0,"href":"https:\/\/e-lectrike.ltett.lu\/index.php\/wp-json\/wp\/v2\/pages\/73\/revisions"}],"up":[{"embeddable":true,"href":"https:\/\/e-lectrike.ltett.lu\/index.php\/wp-json\/wp\/v2\/pages\/67"}],"wp:attachment":[{"href":"https:\/\/e-lectrike.ltett.lu\/index.php\/wp-json\/wp\/v2\/media?parent=73"}],"curies":[{"name":"wp","href":"https:\/\/api.w.org\/{rel}","templated":true}]}}