{"id":75,"date":"2016-09-20T17:50:25","date_gmt":"2016-09-20T17:50:25","guid":{"rendered":"http:\/\/e-lectrike.lu\/wp\/?page_id=75"},"modified":"2016-09-20T17:50:25","modified_gmt":"2016-09-20T17:50:25","slug":"2014-2","status":"publish","type":"page","link":"https:\/\/e-lectrike.ltett.lu\/index.php\/racing\/2014-2\/","title":{"rendered":"2014 &#8211; Chartres Solar Cup"},"content":{"rendered":"<p class=\"auto-style3\" style=\"text-align: left;\" align=\"center\">28. &amp; 29.6.2014<b><br \/>\nDas <span lang=\"DE-LU\"><i> <span class=\"auto-style2\">e<\/span>-lectrike <sup>solar<\/sup><\/i> des <a href=\"http:\/\/www.ltett.lu\/\" target=\"_blank\" rel=\"noopener\"> <span class=\"auto-style1\">Lyc\u00e9e Technique Ettelbruck<\/span><\/a><span class=\"auto-style1\"> belegte den 4. Platz beim Solarennen &#8220;Chartres Solar Cup 2014&#8221; <\/span><\/span><\/b><\/p>\n<p class=\"auto-style3\" style=\"text-align: justify;\" align=\"center\">Das <span class=\"auto-style2\"> <strong><em>e<\/em><\/strong><\/span>-lectrike<sup><span class=\"auto-style8\">solar<\/span><\/sup> &#8211; Team des Lyc\u00e9e Technique d\u2019Ettelbruck hat vom 28. bis 29. Juni 2014 auf Einladung des Lyc\u00e9e Jehan de Beauce am 1. Chartres Solar Cup teilgenommen. In der Kategorie der Prototypen waren acht Fahrzeuge gemeldet, darunter auch das <span class=\"auto-style2\"><em> <strong>e<\/strong><\/em><\/span>-lectrike<sup><span class=\"auto-style8\">solar<\/span><\/sup> in der Racing-Ausf\u00fchrung unserer Schule.<br \/>\n<img loading=\"lazy\" decoding=\"async\" class=\"size-full wp-image-8 aligncenter\" src=\"https:\/\/e-lectrike.ltett.lu\/wp-content\/uploads\/2016\/09\/start_800x600.jpg\" alt=\"start Chartes 2015\" width=\"800\" height=\"533\" \/>Das Team reiste am Freitagnachmittag an, um an Ort und Stelle eine Streckenbesichtigung durch zu f\u00fchren. Der 1,6km lange Rundkurs auf den abgesperrten Stra\u00dfen im Industriegebiet \u201eJardin d\u2019Entreprises de Chartres\u201c enthielt neben zwei flachen Geraden auch eine Bergab- und Bergaufpassage. Hier brachten die Fahrer Jeff Reding (12GE) und Fr\u00e9d\u00e9ric Thilmany (11TG) in Erfahrung, dass es einige Holperstellen gibt, die es im Rennen wenn m\u00f6glich zu umfahren galt. Die Begehung der Strecke war auch f\u00fcr Alexandra Gremling (T0ET) und Mathieu Derrouck (T2CMAN2) aufschlussreich, um sich wie die Fahrer den Streckenverlauf einzupr\u00e4gen.<br \/>\n<img loading=\"lazy\" decoding=\"async\" class=\"wp-image-141 size-full alignleft\" src=\"https:\/\/e-lectrike.ltett.lu\/wp-content\/uploads\/2016\/09\/fred_start_314x228.jpg\" alt=\"fred_start_314x228\" width=\"314\" height=\"228\" srcset=\"https:\/\/e-lectrike.ltett.lu\/wp-content\/uploads\/2016\/09\/fred_start_314x228.jpg 314w, https:\/\/e-lectrike.ltett.lu\/wp-content\/uploads\/2016\/09\/fred_start_314x228-300x218.jpg 300w\" sizes=\"auto, (max-width: 314px) 100vw, 314px\" \/><br \/>\nAm Samstag, den 28. Juni mussten zun\u00e4chst alle Fahrzeuge zur technischen Abnahme. Ab 12 Uhr war die Strecke zum freien Taining f\u00fcr alle Fahrzeuge freigegeben. Unter einem wolkenverhangenen Himmel wurde um 15 Uhr der Startschuss zum ersten Lauf \u00fcber zwei Stunde gegeben mit dem <span class=\"auto-style2\"><strong><em>e<\/em><\/strong><\/span>-lectrike<sup><span class=\"auto-style8\">solar<\/span><\/sup> in der ersten Startreihe und Fr\u00e9d\u00e9ric als Fahrer. Nach 40 planm\u00e4\u00dfig verlaufenden Minuten \u00fcbernahm Jeff Reding das Steuer des Solarrenners. Wegen des relativ schlechten Wetters bei einsetzendem Regen fuhren alle Fahrzeuge zunehmend langsamer. Die Auswertung der Telemetriedaten des <span class=\"auto-style2\"><strong><em>e<\/em><\/strong><\/span>-lectrike<sup><span class=\"auto-style8\">solar<\/span><\/sup> zeigte, dass das Solarpanel nur noch unter 20 Watt lieferte. Dies f\u00fchrte zur Entscheidung, dass beim n\u00e4chsten Fahrerwechsel Fr\u00e9d\u00e9ric ohne Anh\u00e4nger (und ohne Solarpanel) auf das letzte Drittel gehen sollte. Da die Akkumulatoren noch nicht ganz entleert waren, wies die Boxencrew Fr\u00e9d\u00e9ric an, etwas schneller zu fahren was zu Rundenzeiten von 3:50 Minuten f\u00fchrte im Gegensatz zu 4:10 Minuten zu Beginn des Rennens. Zum Abschluss des ersten Renntages lag des e-lectrikesolar auf dem 5. Platz der Prototypen-Wertung.<\/p>\n<p><img loading=\"lazy\" decoding=\"async\" class=\"wp-image-139 size-medium alignright\" src=\"http:\/\/e-lectrike.lu\/wp\/wp-content\/uploads\/2016\/09\/fahrerwechsel_800x600-300x208.jpg\" alt=\"fahrerwechsel_800x600\" width=\"300\" height=\"208\" srcset=\"https:\/\/e-lectrike.ltett.lu\/wp-content\/uploads\/2016\/09\/fahrerwechsel_800x600-300x208.jpg 300w, https:\/\/e-lectrike.ltett.lu\/wp-content\/uploads\/2016\/09\/fahrerwechsel_800x600-768x532.jpg 768w, https:\/\/e-lectrike.ltett.lu\/wp-content\/uploads\/2016\/09\/fahrerwechsel_800x600.jpg 800w\" sizes=\"auto, (max-width: 300px) 100vw, 300px\" \/>Am Sonntag begann Jeff um 10 Uhr den zweiten Lauf \u00fcber 1,5 Stunden. Nach ein paar Runden schlug aber die Boxencrew Alarm, da das Solarpanel nicht die erwartete Leistung lieferte. Alexandra und Mathieu signalisierten per Funk und Handzeichen, dass Jeff in die Boxengasse einbiegen sollte, um gleich wieder ohne den Anh\u00e4nger weiter zu fahren. Das Ausmessen der Solarpanels mit einem Multimeter ergab, dass dieser sich durch die noch vorhandene Feuchtigkeit im Kurzschluss befand. Deshalb wechselte das Team in nur 5 Minuten das defekte Solarpanel durch das Panel vom Vorjahr aus.<br \/>\n<img loading=\"lazy\" decoding=\"async\" class=\"wp-image-142 size-medium alignleft\" src=\"http:\/\/e-lectrike.lu\/wp\/wp-content\/uploads\/2016\/09\/rundenzeiten_299x448-200x300.jpg\" alt=\"rundenzeiten_299x448\" width=\"200\" height=\"300\" srcset=\"https:\/\/e-lectrike.ltett.lu\/wp-content\/uploads\/2016\/09\/rundenzeiten_299x448-200x300.jpg 200w, https:\/\/e-lectrike.ltett.lu\/wp-content\/uploads\/2016\/09\/rundenzeiten_299x448.jpg 299w\" sizes=\"auto, (max-width: 200px) 100vw, 200px\" \/>Beim erneuten Boxenstopp wurde dann auch gleich ein Fahrerwechsel vollzogen, um die von der Rennleitung vorgegebenen drei Boxenstopps einzuhalten. Fr\u00e9d\u00e9ric fuhr den zweiten Lauf dann ohne Probleme zu Ende und erreichte den 3. Rang in der Wertung des 2. Laufs.<br \/>\nDie Rennleitung entschied in Abstimmung mit den Teams, dass die Mittagspause zum Laden der Akkumulatoren wegen des schlechten Wetters auf drei Stunden ausgedehnt wurde. Diese Zeit reichte aber wegen noch immer sehr bew\u00f6lktem Himmel nicht aus, um die Energiespeicher wieder voll aufzuladen.<\/p>\n<p><img loading=\"lazy\" decoding=\"async\" class=\"alignright wp-image-137 size-medium\" src=\"http:\/\/e-lectrike.lu\/wp\/wp-content\/uploads\/2016\/09\/arrivee-en-pluie_800x600-1-300x200.jpg\" alt=\"arrivee-en-pluie_800x600\" width=\"300\" height=\"200\" srcset=\"https:\/\/e-lectrike.ltett.lu\/wp-content\/uploads\/2016\/09\/arrivee-en-pluie_800x600-1-300x200.jpg 300w, https:\/\/e-lectrike.ltett.lu\/wp-content\/uploads\/2016\/09\/arrivee-en-pluie_800x600-1-768x512.jpg 768w, https:\/\/e-lectrike.ltett.lu\/wp-content\/uploads\/2016\/09\/arrivee-en-pluie_800x600-1.jpg 800w\" sizes=\"auto, (max-width: 300px) 100vw, 300px\" \/>Fr\u00e9d\u00e9ric startete dann um 14 Uhr 30 zum 3. und letzten Lauf. Nach planm\u00e4\u00dfig verlaufenden 40 Minuten \u00fcbernahm Jeff das Steuer und fuhr seinen \u201eTurn\u201c ohne Probleme zu Ende. Als Fr\u00e9d\u00e9ric wieder im Solartrike Platz nahm, fing es an sehr heftig zu regnen. Trotz eines turbulenten Wochenendes mit einer technischen Panne konnte das Solarteam den 4. Platz in der Kategorie \u201ePrototypen\u201c herausfahren.<br \/>\nDas <span class=\"auto-style2\"><strong><em>e<\/em><\/strong><\/span>-lectrike<sup><span class=\"auto-style8\">solar<\/span><\/sup> \u2013 Team bedankt sich ganz herzlich bei allen f\u00fcr ihren Einsatz und ihre M\u00fchen w\u00e4hrend den Vorbereitungen zum Rennen und w\u00e4hrend dem Rennwochenende in Chartres!<br \/>\n<img loading=\"lazy\" decoding=\"async\" class=\"wp-image-144 size-full alignleft\" src=\"https:\/\/e-lectrike.ltett.lu\/wp-content\/uploads\/2016\/09\/team@chartres-solar-cup_640x335.jpg\" alt=\"teamchartres-solar-cup_640x335\" width=\"640\" height=\"353\" srcset=\"https:\/\/e-lectrike.ltett.lu\/wp-content\/uploads\/2016\/09\/team@chartres-solar-cup_640x335.jpg 640w, https:\/\/e-lectrike.ltett.lu\/wp-content\/uploads\/2016\/09\/team@chartres-solar-cup_640x335-300x165.jpg 300w\" sizes=\"auto, (max-width: 640px) 100vw, 640px\" \/><\/p>\n","protected":false},"excerpt":{"rendered":"<p>28. &amp; 29.6.2014 Das e-lectrike solar des Lyc\u00e9e Technique Ettelbruck belegte den 4. Platz beim Solarennen &#8220;Chartres Solar Cup 2014&#8221;<\/p>\n","protected":false},"author":2,"featured_media":0,"parent":67,"menu_order":0,"comment_status":"closed","ping_status":"closed","template":"","meta":{"footnotes":""},"class_list":["post-75","page","type-page","status-publish","hentry"],"_links":{"self":[{"href":"https:\/\/e-lectrike.ltett.lu\/index.php\/wp-json\/wp\/v2\/pages\/75","targetHints":{"allow":["GET"]}}],"collection":[{"href":"https:\/\/e-lectrike.ltett.lu\/index.php\/wp-json\/wp\/v2\/pages"}],"about":[{"href":"https:\/\/e-lectrike.ltett.lu\/index.php\/wp-json\/wp\/v2\/types\/page"}],"author":[{"embeddable":true,"href":"https:\/\/e-lectrike.ltett.lu\/index.php\/wp-json\/wp\/v2\/users\/2"}],"replies":[{"embeddable":true,"href":"https:\/\/e-lectrike.ltett.lu\/index.php\/wp-json\/wp\/v2\/comments?post=75"}],"version-history":[{"count":0,"href":"https:\/\/e-lectrike.ltett.lu\/index.php\/wp-json\/wp\/v2\/pages\/75\/revisions"}],"up":[{"embeddable":true,"href":"https:\/\/e-lectrike.ltett.lu\/index.php\/wp-json\/wp\/v2\/pages\/67"}],"wp:attachment":[{"href":"https:\/\/e-lectrike.ltett.lu\/index.php\/wp-json\/wp\/v2\/media?parent=75"}],"curies":[{"name":"wp","href":"https:\/\/api.w.org\/{rel}","templated":true}]}}